{"id":381,"date":"2021-12-19T01:37:29","date_gmt":"2021-12-19T00:37:29","guid":{"rendered":"https:\/\/biurosm.pl\/?page_id=381"},"modified":"2021-12-19T01:38:06","modified_gmt":"2021-12-19T00:38:06","slug":"polityka-prywatnosci","status":"publish","type":"page","link":"https:\/\/biurosm.pl\/index.php\/polityka-prywatnosci\/","title":{"rendered":"Polityka Prywatno\u015bci"},"content":{"rendered":"\n<p>Przetwarzanie dane osobowych realizujemy zgodnie z wymogami Rozporz\u0105dzenia Parlamentu Europejskiego i Rady (UE) 2016\/679 z dnia 27 kwietnia 2016 r.&nbsp;w sprawie ochrony os\u00f3b fizycznych w zwi\u0105zku z przetwarzaniem danych osobowych i w sprawie swobodnego przep\u0142ywu takich danych oraz uchylenia dyrektywy 95\/46\/WE (dalej jako \u201eRODO\u201d).<\/p>\n\n\n\n<h3><strong>1. Kto jest administratorem Twoich danych osobowych?<\/strong><\/h3>\n\n\n\n<p>Administratorem danych osobowych przetwarzanych w zakresie i celu niezb\u0119dnym do \u015bwiadczenia us\u0142ug jest BiuroSM z siedzib\u0105 w<br>Gda\u0144sk 80-563 , przy ul. Jana Heweliusza 11<\/p>\n\n\n\n<h3><strong>2. Jakie dane osobowe gromadzimy i przetwarzamy?<\/strong><\/h3>\n\n\n\n<p>Administrator gromadzi dane osobowe i przetwarza je zgodnie z prawem. &nbsp;Dane s\u0105 zbierane jedynie w niezb\u0119dnym i koniecznym zakresie w stosunku do cel\u00f3w, w jakich s\u0105 przetwarzane (cele przetwarzania opisane s\u0105 w punkcie IV). Administrator nie przetwarza szczeg\u00f3lnych kategorii danych osobowych. Podanie danych jest dobrowolne, ale konieczne w celu realizacji us\u0142ug.<\/p>\n\n\n\n<p>Administrator &nbsp;b\u0119dzie gromadzi\u0142 i przetwarza\u0142 nast\u0119puj\u0105ce dane:<\/p>\n\n\n\n<ul><li>Imi\u0119 i nazwisko<\/li><li>Dane firmowe: nazwa, adres, NIP, REGON, KRS<\/li><li>adres e-mail<\/li><li>nr telefonu<\/li><\/ul>\n\n\n\n<h3><strong>3. W jakim celu przetwarzamy dane osobowe?<\/strong><\/h3>\n\n\n\n<p>Przetwarzamy Twoje dane osobowe w celu:<\/p>\n\n\n\n<p><strong>Udzielania odpowiedzi na pytania\/zapytania ofertowe\/newsletter<\/strong><\/p>\n\n\n\n<p>Zakres danych:W tym celu mo\u017cemy przetwarza\u0107 niekt\u00f3re dane osobowe podane przez Ciebie w formularzu kontaktowym lub w e-mailu, jak r\u00f3wnie\u017c dane dotycz\u0105ce korzystania z naszych us\u0142ug lub produkt\u00f3w, dane zawarte w dokumentach&nbsp;za\u0142\u0105czonych.<\/p>\n\n\n\n<p>Podstawa prawna:nasz prawnie uzasadniony interes (art. 6 ust. 1 lit. f RODO), polegaj\u0105cy na poprawie funkcjonalno\u015bci us\u0142ug oraz na budowaniu pozytywnych relacji z Klientami oraz Potencjalnymi Klientami.<\/p>\n\n\n\n<p><strong>Zawarcie umowy i dokumenty rozliczeniowe<\/strong><\/p>\n\n\n\n<p>Rodzaje dokument\u00f3w:umowa\/zam\u00f3wienie\/faktura<\/p>\n\n\n\n<p>Zakres danych:&nbsp;przetwarzamy dane osobowe podane przez Ciebie w formularzu kontaktowym, &nbsp;e-mailu, lub zapytaniu ofertowym, tj: adres e-mail, imi\u0119, nazwisko, numer telefonu, NIP, REGON, KRS i dane, kt\u00f3re dobrowolnie nam podajesz w tre\u015bci zapytania<\/p>\n\n\n\n<p>Podstawa prawna:&nbsp;Podstaw\u0105 przetwarzania jest konieczno\u015b\u0107 wywi\u0105zania si\u0119 z obowi\u0105zk\u00f3w prawnych i podatkowych. Administrator zastrzega sobie r\u00f3wnie\u017c mo\u017cliwo\u015b\u0107 przetwarzania tych danych w celu dochodzenia nale\u017cnych mu roszcze\u0144 (art. 6 ust. 1 lit. b RODO).<\/p>\n\n\n\n<h3><strong>4. Komu przekazujemy Twoje dane?<\/strong><\/h3>\n\n\n\n<p>Administrator nie przekazuje danych osobowych podmiotom zewn\u0119trznym. Administrator w wyj\u0105tkowych przypadkach przeka\u017ce dane osobowe, je\u017celi zwr\u00f3c\u0105 si\u0119 o to uprawnione organy pa\u0144stwowe \u2013 w szczeg\u00f3lno\u015bci Policja i jednostki organizacyjne prokuratury lub Prezesi UODO, UKE, UOKiK.<\/p>\n\n\n\n<h2><strong>5. Twoje prawa zwi\u0105zane z przetwarzaniem danych osobowych<\/strong><\/h2>\n\n\n\n<p>Zapewniamy mo\u017cliwo\u015b\u0107 realizacji Twoich praw zwi\u0105zanych z przetwarzaniem danych osobowych. Do Twoich praw nale\u017c\u0105:<\/p>\n\n\n\n<ul><li><strong>dost\u0119pu do tre\u015bci danych i otrzymania ich kopii:&nbsp;<\/strong>Masz prawo otrzyma\u0107 od nas informacje o tym czy przetwarzamy Twoje dane osobowe. Je\u015bli przetwarzamy Twoje dane masz prawo do uzyskania ich do otrzymania ich kopii.<\/li><li><strong>sprostowania danych:&nbsp;<\/strong>Masz prawo zmodyfikowa\u0107 lub uzupe\u0142ni\u0107 przechowywane przez nas dane osobowe<\/li><li><strong>usuni\u0119cia danych:&nbsp;<\/strong>Masz ma prawo do \u017c\u0105dania usuni\u0119cia wszystkich lub niekt\u00f3rych danych osobowych przetwarzanych przez Administratora.<\/li><li><strong>cofni\u0119cia zgody na przetwarzanie danych i ograniczenia przetwarzania:&nbsp;&nbsp;<\/strong>Masz ma prawo do \u017c\u0105dania do ograniczenia przetwarzania Twoich danych.<\/li><li><strong>wniesienia sprzeciwu wobec przetwarzania danych:&nbsp;<\/strong>Maj\u0105 Pa\u0144stwo prawo wyrazi\u0107 sprzeciw w sprawie przetwarzania danych.<\/li><li><strong>przenoszenia danych:&nbsp;<\/strong>Masz prawo aby zebrane przez nas dane przes\u0142a\u0107 do innego administratora danych osobowych. Masz r\u00f3wnie\u017c prawo oczekiwa\u0107, \u017ce prze\u015blemy Twoje dane do innego administratora danych w Twoim imieniu. Prawo to obejmuje tylko dane osobowe przetwarzane przy u\u017cyciu system\u00f3w informatycznych.<\/li><li><strong>wniesienia skargi do organu nadzorczego.<\/strong><\/li><\/ul>\n\n\n\n<h3><strong>6.&nbsp;<\/strong><strong>W jaki spos\u00f3b mo\u017cesz korzysta\u0107 z przys\u0142uguj\u0105cych Tobie praw?<\/strong><\/h3>\n\n\n\n<p>W celu realizacji uprawnie\u0144 prosimy o przes\u0142anie informacji na adres e-mail:&nbsp;<a href=\"mailto:kontakt@biurosm.pl\" data-type=\"mailto\" data-id=\"mailto:kontakt@biurosm.pl\">kontakt@biurosm.pl<\/a>, wraz z okre\u015bleniem jakie prawo mamy zrealizowa\u0107. Administrator w ci\u0105gu 30 dni zrealizuje przys\u0142uguj\u0105ce prawa.<\/p>\n\n\n\n<h3><strong>7. Postanowienia ko\u0144cowe<\/strong><\/h3>\n\n\n\n<p>Administrator zastrzega sobie prawo do dokonywania zmian w polityce ochrony prywatno\u015bci serwisu, ze wzgl\u0119du na konieczno\u015b\u0107 jej dostosowania do rozwoju technologii internetowej, zmian prawa w zakresie ochrony danych osobowych oraz rozwoju samego Serwisu. Administrator jest zobowi\u0105zany do poinformowania U\u017cytkownik\u00f3w o wszelkich zmianach w spos\u00f3b widoczny i zrozumia\u0142y.<\/p>\n","protected":false},"excerpt":{"rendered":"<p>Przetwarzanie dane osobowych realizujemy zgodnie z wymogami Rozporz\u0105dzenia Parlamentu Europejskiego i Rady (UE) 2016\/679 z dnia 27 kwietnia 2016 r.&nbsp;w sprawie ochrony os\u00f3b fizycznych w zwi\u0105zku z przetwarzaniem danych osobowych i w sprawie swobodnego przep\u0142ywu takich danych oraz uchylenia dyrektywy 95\/46\/WE (dalej jako \u201eRODO\u201d). 1. Kto jest administratorem Twoich danych osobowych? Administratorem danych osobowych przetwarzanych<\/p>\n<a href=\"https:\/\/biurosm.pl\/index.php\/polityka-prywatnosci\/\" class=\"btn frontech-btn\"><span><\/span>Read More<\/a>","protected":false},"author":1,"featured_media":0,"parent":0,"menu_order":0,"comment_status":"closed","ping_status":"closed","template":"page-fullwidth.php","meta":[],"_links":{"self":[{"href":"https:\/\/biurosm.pl\/index.php\/wp-json\/wp\/v2\/pages\/381"}],"collection":[{"href":"https:\/\/biurosm.pl\/index.php\/wp-json\/wp\/v2\/pages"}],"about":[{"href":"https:\/\/biurosm.pl\/index.php\/wp-json\/wp\/v2\/types\/page"}],"author":[{"embeddable":true,"href":"https:\/\/biurosm.pl\/index.php\/wp-json\/wp\/v2\/users\/1"}],"replies":[{"embeddable":true,"href":"https:\/\/biurosm.pl\/index.php\/wp-json\/wp\/v2\/comments?post=381"}],"version-history":[{"count":2,"href":"https:\/\/biurosm.pl\/index.php\/wp-json\/wp\/v2\/pages\/381\/revisions"}],"predecessor-version":[{"id":384,"href":"https:\/\/biurosm.pl\/index.php\/wp-json\/wp\/v2\/pages\/381\/revisions\/384"}],"wp:attachment":[{"href":"https:\/\/biurosm.pl\/index.php\/wp-json\/wp\/v2\/media?parent=381"}],"curies":[{"name":"wp","href":"https:\/\/api.w.org\/{rel}","templated":true}]}}