{"id":227,"date":"2021-12-17T02:06:14","date_gmt":"2021-12-17T01:06:14","guid":{"rendered":"http:\/\/biurosjz.pl\/?page_id=227"},"modified":"2021-12-20T21:31:27","modified_gmt":"2021-12-20T20:31:27","slug":"cennik","status":"publish","type":"page","link":"https:\/\/biurosm.pl\/index.php\/cennik\/","title":{"rendered":"cennik"},"content":{"rendered":"\n<p>Podane ceny s\u0105 cenami orientacyjnymi i podlegaj\u0105 indywidualnym negocjacjom.<br>Ceny katalogowe naszych us\u0142ug kszta\u0142tuj\u0105 si\u0119 nast\u0119puj\u0105co:<\/p>\n\n\n<p class=\"has-text-align-left\"><strong>P\u0141ACE, KADRY, ZUS<\/strong><\/p>\n\n\n<div class=\"wp-block-group\"><div class=\"wp-block-group__inner-container\">\n<figure class=\"wp-block-table is-style-regular\"><table><thead><tr><th class=\"has-text-align-left\" data-align=\"left\">Lp.<\/th><th class=\"has-text-align-left\" data-align=\"left\">Okre\u015blenie us\u0142ugi<\/th><th class=\"has-text-align-left\" data-align=\"left\">Cena netto<\/th><\/tr><\/thead><tbody><tr><td class=\"has-text-align-left\" data-align=\"left\">1.<br><\/td><td class=\"has-text-align-left\" data-align=\"left\">Sporz\u0105dzenia listy p\u0142ac, rozliczenie ZUS, &nbsp; sporz\u0105dzenie deklaracji Pit-4<\/td><td class=\"has-text-align-left\" data-align=\"left\">30 z\u0142 za jednego pracownika<\/td><\/tr><tr><td class=\"has-text-align-left\" data-align=\"left\">2.<\/td><td class=\"has-text-align-left\" data-align=\"left\">umowy zlecenie\/ dzie\u0142o<\/td><td class=\"has-text-align-left\" data-align=\"left\">30 z\u0142 za jednego pracownika<\/td><\/tr><tr><td class=\"has-text-align-left\" data-align=\"left\">3.<\/td><td class=\"has-text-align-left\" data-align=\"left\">Obs\u0142uga kadrowa<\/td><td class=\"has-text-align-left\" data-align=\"left\">30 z\u0142 za jednego pracownika<\/td><\/tr><tr><td class=\"has-text-align-left\" data-align=\"left\">4.<\/td><td class=\"has-text-align-left\" data-align=\"left\">Rozliczenie ZUS osoby prowadz\u0105cej dzia\u0142alno\u015b\u0107 gospodarcz\u0105( w tym sporz\u0105dzenie i wys\u0142anie deklaracji do ZUS)<\/td><td class=\"has-text-align-left\" data-align=\"left\">30 z\u0142<\/td><\/tr><tr><td class=\"has-text-align-left\" data-align=\"left\">5.<\/td><td class=\"has-text-align-left\" data-align=\"left\">Sporz\u0105dzenie standardowej umowy o prac\u0119, \u015bwiadectwa pracy*<\/td><td class=\"has-text-align-left\" data-align=\"left\">50 z\u0142<\/td><\/tr><tr><td class=\"has-text-align-left\" data-align=\"left\">6.<\/td><td class=\"has-text-align-left\" data-align=\"left\">Zg\u0142oszenie \/wyrejestrowanie ZUS osoby ubezpieczonej*<\/td><td class=\"has-text-align-left\" data-align=\"left\">30 z\u0142<\/td><\/tr><tr><td class=\"has-text-align-left\" data-align=\"left\">7.<\/td><td class=\"has-text-align-left\" data-align=\"left\">Sporz\u0105dzenie wniosku do zasi\u0142ku rodzinnego*<\/td><td class=\"has-text-align-left\" data-align=\"left\">50 z\u0142<\/td><\/tr><tr><td class=\"has-text-align-left\" data-align=\"left\">8.<\/td><td class=\"has-text-align-left\" data-align=\"left\">Wype\u0142nienie druku Z-3 lub Z-3a<br>Z -3b (do zasi\u0142ku chorobowego)*<\/td><td class=\"has-text-align-left\" data-align=\"left\">50 z\u0142<\/td><\/tr><tr><td class=\"has-text-align-left\" data-align=\"left\">9.<\/td><td class=\"has-text-align-left\" data-align=\"left\">Sporz\u0105dzenie wniosku do ZUS o przywr\u00f3cenie terminu do ubezpieczenia chorobowego<\/td><td class=\"has-text-align-left\" data-align=\"left\">50 z\u0142<\/td><\/tr><tr><td class=\"has-text-align-left\" data-align=\"left\">10.<\/td><td class=\"has-text-align-left\" data-align=\"left\">Sporz\u0105dzenia wniosku o refundacj\u0119 wynagrodzenia pracownika m\u0142odocianego<\/td><td class=\"has-text-align-left\" data-align=\"left\">od 60 z\u0142 za jednego pracownika<\/td><\/tr><tr><td class=\"has-text-align-left\" data-align=\"left\">11.<\/td><td class=\"has-text-align-left\" data-align=\"left\">Sporz\u0105dzenia wniosku o refundacj\u0119 wynagrodzenia pracownika m\u0142odocianego<\/td><td class=\"has-text-align-left\" data-align=\"left\">40 z\u0142 za jednego pracownika za miesi\u0105c<\/td><\/tr><tr><td class=\"has-text-align-left\" data-align=\"left\">12.<\/td><td class=\"has-text-align-left\" data-align=\"left\">Sporz\u0105dzenie wniosku o refundacj\u0119 koszt\u00f3w zatrudnienia pracownika niepe\u0142nosprawnego* PFRON<\/td><td class=\"has-text-align-left\" data-align=\"left\">50 z\u0142<\/td><\/tr><tr><td class=\"has-text-align-left\" data-align=\"left\">13.<\/td><td class=\"has-text-align-left\" data-align=\"left\">Sporz\u0105dzenie wniosku o zwrot koszt\u00f3w ubezpieczenia ZUS przedsi\u0119biorcy niepe\u0142nosprawnego PFRO<\/td><td class=\"has-text-align-left\" data-align=\"left\">100 z\u0142<\/td><\/tr><tr><td class=\"has-text-align-left\" data-align=\"left\">14.<\/td><td class=\"has-text-align-left\" data-align=\"left\">Sporz\u0105dzanie deklaracji PIT-4,PIT -8AR, ZUS IWA<\/td><td class=\"has-text-align-left\" data-align=\"left\">od 80 z\u0142<\/td><\/tr><tr><td class=\"has-text-align-left\" data-align=\"left\">15.<\/td><td class=\"has-text-align-left\" data-align=\"left\">Sporz\u0105dzanie PIT-11<\/td><td class=\"has-text-align-left\" data-align=\"left\">30 z\u0142 osoba<\/td><\/tr><tr><td class=\"has-text-align-left\" data-align=\"left\">16.<\/td><td class=\"has-text-align-left\" data-align=\"left\">Sporz\u0105dzenie pisma do komornika dot. zaj\u0119cia wynagrodzenia<\/td><td class=\"has-text-align-left\" data-align=\"left\">80 z\u0142<\/td><\/tr><tr><td class=\"has-text-align-left\" data-align=\"left\">17.<\/td><td class=\"has-text-align-left\" data-align=\"left\">Inne us\u0142ugi z zakresu obs\u0142ugi kadrowo-placowej<\/td><td class=\"has-text-align-left\" data-align=\"left\">Rozliczenie wg czasoch\u0142onno\u015bci 80 z\u0142 \/godz.<\/td><\/tr><tr><td class=\"has-text-align-left\" data-align=\"left\">18.<\/td><td class=\"has-text-align-left\" data-align=\"left\">Kompleksowa obs\u0142uga ZUS PUE z nadzorem wp\u0142ywaj\u0105cych dokument\u00f3w<\/td><td class=\"has-text-align-left\" data-align=\"left\">od 30 z\u0142 miesi\u0119cznie, w zale\u017cno\u015bci od ilo\u015bci dokument\u00f3w<\/td><\/tr><\/tbody><\/table><figcaption>* poz. 5 do 8 \u2013 dotycz\u0105 sytuacji gdy klient nie korzysta z us\u0142ugi&nbsp; obs\u0142ugi kadrowej.<br>* poz. 11 &#8211; cena dla klient\u00f3w korzystaj\u0105cych z us\u0142ugi p\u0142ace\/ZUS<\/figcaption><\/figure>\n\n\n\n<p><\/p>\n<\/div><\/div>\n\n\n\n<p> <\/p>\n","protected":false},"excerpt":{"rendered":"<p>Podane ceny s\u0105 cenami orientacyjnymi i podlegaj\u0105 indywidualnym negocjacjom.Ceny katalogowe naszych us\u0142ug kszta\u0142tuj\u0105 si\u0119 nast\u0119puj\u0105co: P\u0141ACE, KADRY, ZUS<\/p>\n<a href=\"https:\/\/biurosm.pl\/index.php\/cennik\/\" class=\"btn frontech-btn\"><span><\/span>Read More<\/a>","protected":false},"author":1,"featured_media":0,"parent":0,"menu_order":0,"comment_status":"closed","ping_status":"closed","template":"page-fullwidth.php","meta":[],"_links":{"self":[{"href":"https:\/\/biurosm.pl\/index.php\/wp-json\/wp\/v2\/pages\/227"}],"collection":[{"href":"https:\/\/biurosm.pl\/index.php\/wp-json\/wp\/v2\/pages"}],"about":[{"href":"https:\/\/biurosm.pl\/index.php\/wp-json\/wp\/v2\/types\/page"}],"author":[{"embeddable":true,"href":"https:\/\/biurosm.pl\/index.php\/wp-json\/wp\/v2\/users\/1"}],"replies":[{"embeddable":true,"href":"https:\/\/biurosm.pl\/index.php\/wp-json\/wp\/v2\/comments?post=227"}],"version-history":[{"count":17,"href":"https:\/\/biurosm.pl\/index.php\/wp-json\/wp\/v2\/pages\/227\/revisions"}],"predecessor-version":[{"id":425,"href":"https:\/\/biurosm.pl\/index.php\/wp-json\/wp\/v2\/pages\/227\/revisions\/425"}],"wp:attachment":[{"href":"https:\/\/biurosm.pl\/index.php\/wp-json\/wp\/v2\/media?parent=227"}],"curies":[{"name":"wp","href":"https:\/\/api.w.org\/{rel}","templated":true}]}}