{"id":212,"date":"2021-12-17T01:33:00","date_gmt":"2021-12-17T00:33:00","guid":{"rendered":"http:\/\/biurosjz.pl\/?page_id=212"},"modified":"2021-12-19T01:03:46","modified_gmt":"2021-12-19T00:03:46","slug":"uslugi","status":"publish","type":"page","link":"https:\/\/biurosm.pl\/index.php\/uslugi\/","title":{"rendered":"Us\u0142ugi"},"content":{"rendered":"\n<h3>Obs\u0142uga kadrowo \u2013 p\u0142acowa podmiot\u00f3w gospodarczych<\/h3>\n\n\n\n<ul><li>przygotowywanie dokumentacji zwi\u0105zanej z zatrudnieniem: um\u00f3w o prac\u0119, aneks\u00f3w, um\u00f3w zlecenia i o dzie\u0142o, \u015bwiadectw pracy itp.,<\/li><li>prowadzenie akt osobowych pracownik\u00f3w,<\/li><li>sporz\u0105dzanie list p\u0142ac dla pracownik\u00f3w etatowych, rachunk\u00f3w do um\u00f3w zlece\u0144 i o dzie\u0142o,<\/li><li>rozliczanie wynagrodze\u0144 za czas choroby, zasi\u0142k\u00f3w chorobowych, rodzinnych, piel\u0119gnacyjnych i innych,<\/li><li>przygotowanie zg\u0142osze\u0144 do ZUS podatnik\u00f3w, os\u00f3b wsp\u00f3\u0142pracuj\u0105cych oraz os\u00f3b zatrudnionych,<\/li><li>przygotowywanie wyrejestrowa\u0144 z ZUS,<\/li><li>sporz\u0105dzanie miesi\u0119cznych deklaracji ZUS,<\/li><li>sporz\u0105dzanie raport\u00f3w (RMUA),<\/li><li>sporz\u0105dzenie rocznych dokument\u00f3w do ZUS (ZUS IWA, ZUS ZSWA),<\/li><li>sporz\u0105dzanie rocznych informacji o dochodach zatrudnionych emeryt\u00f3w i rencist\u00f3w dla potrzeb ZUS,<\/li><li>przygotowywanie raport\u00f3w o zaliczce miesi\u0119cznej na podatek dochodowy od \u0142\u0105cznej kwoty dokonanych wyp\u0142at (PIT-4, PIT8A),<\/li><li>sporz\u0105dzanie rocznych informacji o dochodach oraz pobranych zaliczkach na podatek dochodowy (PIT-11),<\/li><li>sporz\u0105dzanie rocznej deklaracji o pobranych zaliczkach na podatek dochodowy (PIT-4R, PIT-8AR),<\/li><li>przygotowywanie deklaracji PFRON,<\/li><li>sporz\u0105dzanie dokumentacji wymaganej przez prawo pracy (regulaminy, instrukcje i inne),<\/li><li>przygotowanie dla zarz\u0105d\u00f3w\/w\u0142a\u015bcicieli sprawozda\u0144 dotycz\u0105cych zatrudnienia<\/li><\/ul>\n\n\n\n<p><\/p>\n","protected":false},"excerpt":{"rendered":"<p>Obs\u0142uga kadrowo \u2013 p\u0142acowa podmiot\u00f3w gospodarczych przygotowywanie dokumentacji zwi\u0105zanej z zatrudnieniem: um\u00f3w o prac\u0119, aneks\u00f3w, um\u00f3w zlecenia i o dzie\u0142o, \u015bwiadectw pracy itp., prowadzenie akt osobowych pracownik\u00f3w, sporz\u0105dzanie list p\u0142ac dla pracownik\u00f3w etatowych, rachunk\u00f3w do um\u00f3w zlece\u0144 i o dzie\u0142o, rozliczanie wynagrodze\u0144 za czas choroby, zasi\u0142k\u00f3w chorobowych, rodzinnych, piel\u0119gnacyjnych i innych, przygotowanie zg\u0142osze\u0144 do ZUS<\/p>\n<a href=\"https:\/\/biurosm.pl\/index.php\/uslugi\/\" class=\"btn frontech-btn\"><span><\/span>Read More<\/a>","protected":false},"author":1,"featured_media":0,"parent":0,"menu_order":0,"comment_status":"closed","ping_status":"closed","template":"page-fullwidth.php","meta":[],"_links":{"self":[{"href":"https:\/\/biurosm.pl\/index.php\/wp-json\/wp\/v2\/pages\/212"}],"collection":[{"href":"https:\/\/biurosm.pl\/index.php\/wp-json\/wp\/v2\/pages"}],"about":[{"href":"https:\/\/biurosm.pl\/index.php\/wp-json\/wp\/v2\/types\/page"}],"author":[{"embeddable":true,"href":"https:\/\/biurosm.pl\/index.php\/wp-json\/wp\/v2\/users\/1"}],"replies":[{"embeddable":true,"href":"https:\/\/biurosm.pl\/index.php\/wp-json\/wp\/v2\/comments?post=212"}],"version-history":[{"count":2,"href":"https:\/\/biurosm.pl\/index.php\/wp-json\/wp\/v2\/pages\/212\/revisions"}],"predecessor-version":[{"id":377,"href":"https:\/\/biurosm.pl\/index.php\/wp-json\/wp\/v2\/pages\/212\/revisions\/377"}],"wp:attachment":[{"href":"https:\/\/biurosm.pl\/index.php\/wp-json\/wp\/v2\/media?parent=212"}],"curies":[{"name":"wp","href":"https:\/\/api.w.org\/{rel}","templated":true}]}}